{"id":51,"date":"2025-05-01T06:19:07","date_gmt":"2025-05-01T06:19:07","guid":{"rendered":"https:\/\/aloti-farm.local\/?page_id=51"},"modified":"2026-03-19T17:22:29","modified_gmt":"2026-03-19T17:22:29","slug":"home","status":"publish","type":"page","link":"https:\/\/alotifarm.com\/de\/","title":{"rendered":"Home"},"content":{"rendered":"<div class=\"wp-block-uagb-container uagb-block-09e57f9e alignfull uagb-is-root-container\"><div class=\"uagb-container-inner-blocks-wrap\">\n<div class=\"wp-block-uagb-info-box uagb-block-adf23bff uagb-infobox__content-wrap  uagb-infobox-icon-above-title uagb-infobox-image-valign-top wp-block-uagb-info-box--has-margin\"><div class=\"uagb-infobox-margin-wrapper\"><div class=\"uagb-ifb-content\"><div class=\"uagb-ifb-title-wrap\"><h1 class=\"uagb-ifb-title\">Wir bauen Gem\u00fcse an und pflegen die Gemeinschaft<\/h1><\/div><div class=\"uagb-ifb-desc\">\n<p style=\"margin-top:var(--wp--preset--spacing--x-small);margin-bottom:var(--wp--preset--spacing--x-small)\">Wir machen gesunde Gem\u00fcseprodukte zug\u00e4nglich, organisieren uns f\u00fcr Ern\u00e4hrungssouver\u00e4nit\u00e4t und k\u00e4mpfen f\u00fcr Klimagerechtigkeit.&nbsp;<\/p>\n<\/div><div class=\"uagb-ifb-button-wrapper wp-block-button\"><a href=\"\/de\/membership\/\" class=\"uagb-infobox-cta-link wp-block-button__link\" target=\"_self\" rel=\"noopener noreferrer\" onclick=\"return true;\"><span class=\"uagb-inline-editing\">Hol dir eine Kiste<\/span><\/a><\/div><\/div><\/div><\/div>\n<\/div><\/div>\n\n\n\n<div id=\"what-we-do\" class=\"wp-block-uagb-container uagb-layout-flex uagb-block-19111f99 alignfull uagb-is-root-container\"><div class=\"uagb-container-inner-blocks-wrap\">\n<div class=\"wp-block-uagb-container uagb-block-b0e82547\">\n<div class=\"wp-block-uagb-image alignleft uagb-block-4a91c88f wp-block-uagb-image--layout-default wp-block-uagb-image--effect-static wp-block-uagb-image--align-left w-full h-auto\"><figure class=\"wp-block-uagb-image__figure\"><img loading=\"lazy\" decoding=\"async\" srcset=\"https:\/\/alotifarm.com\/wp-content\/uploads\/2025\/10\/BIPoC-farmers-preparing-a-compost-high-bed-at-aloti-farm-credit-Anna-Sika-Bois-Fiaty-1024x768.jpeg ,https:\/\/alotifarm.com\/wp-content\/uploads\/2025\/10\/BIPoC-farmers-preparing-a-compost-high-bed-at-aloti-farm-credit-Anna-Sika-Bois-Fiaty.jpeg 780w, https:\/\/alotifarm.com\/wp-content\/uploads\/2025\/10\/BIPoC-farmers-preparing-a-compost-high-bed-at-aloti-farm-credit-Anna-Sika-Bois-Fiaty.jpeg 360w\" sizes=\"auto, (max-width: 480px) 150px\" src=\"https:\/\/alotifarm.com\/wp-content\/uploads\/2025\/10\/BIPoC-farmers-preparing-a-compost-high-bed-at-aloti-farm-credit-Anna-Sika-Bois-Fiaty-1024x768.jpeg\" alt=\"BIPoC farmers preparing a compost high bed at aloti farm - credit Anna Sika Bois-Fiaty\" class=\"uag-image-638\" width=\"1024\" height=\"768\" title=\"\" role=\"img\"\/><figcaption class=\"uagb-image-caption\">Fotographie:  Anna Sika Bois-Fiaty<\/figcaption><\/figure><\/div>\n<\/div>\n\n\n\n<div class=\"wp-block-uagb-container uagb-block-e8d82cc8\">\n<div class=\"wp-block-uagb-info-box uagb-block-937ffc43 uagb-infobox__content-wrap  uagb-infobox-icon-above-title uagb-infobox-image-valign-top w-full\"><div class=\"uagb-ifb-content\"><div class=\"uagb-ifb-title-wrap\"><h2 class=\"uagb-ifb-title translation-block\">Unser Engagement f\u00fcr Regenerativen Gem\u00fcsebau<\/h2><\/div><\/div><\/div>\n\n\n\n<div class=\"wp-block-uagb-info-box uagb-block-13dd2b8d uagb-infobox__content-wrap  uagb-infobox-icon-left uagb-infobox-left uagb-infobox-image-valign-top max-w-prose\"><div class=\"uagb-ifb-content\"><div class=\"uagb-ifb-title-wrap\"><h4 class=\"uagb-ifb-title\">Pestizidfreien Gartenbau<\/h4><\/div><p class=\"uagb-ifb-desc\">Wir bauen ausschlie\u00dflich pestizidfrei an. Unser Gem\u00fcse wird in zertifiziertem Bio-Kompost angebaut und wir d\u00fcngen es mit Tierdung und selbst hergestellten pflanzlichen D\u00fcngemitteln.<br><\/p><\/div><\/div>\n\n\n\n<div class=\"wp-block-uagb-info-box uagb-block-5d5e974c uagb-infobox__content-wrap  uagb-infobox-icon-left uagb-infobox-left uagb-infobox-image-valign-top max-w-prose\"><div class=\"uagb-ifb-content\"><div class=\"uagb-ifb-title-wrap\"><h4 class=\"uagb-ifb-title\">Von Hand kultiviert<\/h4><\/div><p class=\"uagb-ifb-desc\">Wir bauen unser Gem\u00fcse von Hand an (ohne Traktoren oder schwere Maschinen), so wie es vielleicht schon die Oma getan hat.<\/p><\/div><\/div>\n\n\n\n<div class=\"wp-block-uagb-info-box uagb-block-84dfc0f1 uagb-infobox__content-wrap  uagb-infobox-icon-left uagb-infobox-left uagb-infobox-image-valign-top max-w-prose\"><div class=\"uagb-ifb-content\"><div class=\"uagb-ifb-title-wrap\"><h4 class=\"uagb-ifb-title\">Nachhaltige Praktiken<\/h4><\/div><p class=\"uagb-ifb-desc\">Wir setzen eine niedrige Grabetechnik ein, die das Bodenleben erh\u00e4lt und Wasser spart.<br><\/p><\/div><\/div>\n<\/div>\n<\/div><\/div>\n\n\n\n<div class=\"wp-block-uagb-container uagb-layout-flex uagb-block-rahujgix alignfull uagb-is-root-container\"><div class=\"uagb-container-inner-blocks-wrap\">\n<div class=\"wp-block-uagb-container uagb-block-ctdokprw\">\n<div class=\"wp-block-uagb-info-box uagb-block-ocnx3xac uagb-infobox__content-wrap  uagb-infobox-icon-above-title uagb-infobox-image-valign-top w-full\"><div class=\"uagb-ifb-content\"><div class=\"uagb-ifb-title-wrap\"><h2 class=\"uagb-ifb-title\">Unsere politische und gemeinschaftliche Basisarbeit<\/h2><\/div><\/div><\/div>\n\n\n\n<div class=\"wp-block-uagb-info-box uagb-block-gf834ygp uagb-infobox__content-wrap  uagb-infobox-icon-left uagb-infobox-left uagb-infobox-image-valign-top max-w-prose\"><div class=\"uagb-ifb-content\"><div class=\"uagb-ifb-title-wrap\"><h4 class=\"uagb-ifb-title\">Mitmachtage<\/h4><\/div><p class=\"uagb-ifb-desc\">Wir veranstalten regelm\u00e4\u00dfig Mitmachtage und laden unsere liebevolle Gemeinschaft ein, auf dem Hof mitzuhelfen und den Alltag eines nachhaltigen Gem\u00fcsebaus zu erleben.<br><\/p><\/div><\/div>\n\n\n\n<div class=\"wp-block-uagb-info-box uagb-block-yxmxvlp6 uagb-infobox__content-wrap  uagb-infobox-icon-left uagb-infobox-left uagb-infobox-image-valign-top max-w-prose\"><div class=\"uagb-ifb-content\"><div class=\"uagb-ifb-title-wrap\"><h4 class=\"uagb-ifb-title\">Wissensaustausch<\/h4><\/div><p class=\"uagb-ifb-desc\">Da der Ackerbau ein hochpolitisches Thema ist, veranstalten wir seit unserer Gr\u00fcndung jedes Jahr in Zusammenarbeit mit anderen dekolonialen Basisinitiativen Seminare, Austauschveranstaltungen und Workshops zum Thema nachhaltiger Gem\u00fcsebau, Ern\u00e4hrungssouver\u00e4nit\u00e4t und Klimagerechtigkeit.<br><\/p><\/div><\/div>\n\n\n\n<div class=\"wp-block-uagb-info-box uagb-block-4f36bff9 uagb-infobox__content-wrap  uagb-infobox-icon-left uagb-infobox-left uagb-infobox-image-valign-top max-w-prose\"><div class=\"uagb-ifb-content\"><div class=\"uagb-ifb-title-wrap\"><h4 class=\"uagb-ifb-title\">Ein Raum f\u00fcr Verbindung<\/h4><\/div><p class=\"uagb-ifb-desc\">Wir m\u00f6chten, dass der Hof ein sicherer l\u00e4ndlicher Raum f\u00fcr BIPoC, queere und behinderte Menschen wird. Hier k\u00f6nnen wir uns wieder mit der Erde verbinden, ausruhen und gesunde Gem\u00fcse naschen.<br><\/p><\/div><\/div>\n<\/div>\n\n\n\n<div class=\"wp-block-uagb-container uagb-layout-flex uagb-block-ohmd6dvu\">\n<div class=\"wp-block-uagb-image alignleft uagb-block-17hqj2ft wp-block-uagb-image--layout-default wp-block-uagb-image--effect-static wp-block-uagb-image--align-left w-full h-auto\"><figure class=\"wp-block-uagb-image__figure\"><img loading=\"lazy\" decoding=\"async\" srcset=\"https:\/\/alotifarm.com\/wp-content\/uploads\/2025\/10\/Black-masc-farmer-transplanting-seedlings-at-aloti-farm-1024x683.jpg ,https:\/\/alotifarm.com\/wp-content\/uploads\/2025\/10\/Black-masc-farmer-transplanting-seedlings-at-aloti-farm-scaled.jpg 780w, https:\/\/alotifarm.com\/wp-content\/uploads\/2025\/10\/Black-masc-farmer-transplanting-seedlings-at-aloti-farm-scaled.jpg 360w\" sizes=\"auto, (max-width: 480px) 150px\" src=\"https:\/\/alotifarm.com\/wp-content\/uploads\/2025\/10\/Black-masc-farmer-transplanting-seedlings-at-aloti-farm-1024x683.jpg\" alt=\"Black masc farmer transplanting seedlings at aloti farm\" class=\"uag-image-725\" width=\"1024\" height=\"683\" title=\"\" role=\"img\"\/><figcaption class=\"uagb-image-caption\">Fotografie: awa faridah<\/figcaption><\/figure><\/div>\n<\/div>\n<\/div><\/div>\n\n\n\n<div class=\"wp-block-uagb-container uagb-block-a8cf11c1 alignfull uagb-is-root-container\"><div class=\"uagb-container-inner-blocks-wrap\">\t\t\t\t\t<div\n\t\t\t\t\t\tclass=\"wp-block-uagb-image-gallery uagb-block-2bc6d561\"\n\t\t\t\t\t\tstyle=\"\"\n\t\t\t\t\t>\n\t\t\t\t\t\t\t\t\t\t\t<div class=\"spectra-image-gallery spectra-image-gallery__layout--grid spectra-image-gallery__layout--grid-col-4 spectra-image-gallery__layout--grid-col-tab-3 spectra-image-gallery__layout--grid-col-mob-2\">\n\t\t\t\t\t\t\t\t\t\t\t<div class='spectra-image-gallery__media-wrapper' data-spectra-gallery-image-id='647' tabindex=\"0\">\n\t\t\t\t\t\t\t<div class=\"spectra-image-gallery__media spectra-image-gallery__media--grid\">\n\t\t\t\t<picture>\n\t\t\t\t\t<source media=\"(min-width: 1024px)\" srcset=\"https:\/\/alotifarm.com\/wp-content\/uploads\/2025\/10\/landscape-image-of-wild-flowers-growing-at-aloti-farm-credit-Anna-Sika-Bois-Fiaty-1024x768.jpeg\">\n\t\t\t\t\t<source media=\"(min-width: 768px)\" srcset=\"https:\/\/alotifarm.com\/wp-content\/uploads\/2025\/10\/landscape-image-of-wild-flowers-growing-at-aloti-farm-credit-Anna-Sika-Bois-Fiaty-1024x768.jpeg\">\n\t\t\t\t\t<img decoding=\"async\" class=\"spectra-image-gallery__media-thumbnail spectra-image-gallery__media-thumbnail--grid\" src=\"https:\/\/alotifarm.com\/wp-content\/uploads\/2025\/10\/landscape-image-of-wild-flowers-growing-at-aloti-farm-credit-Anna-Sika-Bois-Fiaty-300x225.jpeg\" alt=\"landscape image of wild flowers growing at aloti farm - credit Anna Sika Bois-Fiaty\" loading=\"lazy\" \/>\n\t\t\t\t<\/picture>\n\t\t\t\t<div class=\"spectra-image-gallery__media-thumbnail-blurrer\"><\/div>\n\t\t\t\t\t\t\t\t\t\t\t<div class=\"spectra-image-gallery__media-thumbnail-caption-wrapper spectra-image-gallery__media-thumbnail-caption-wrapper--overlay\"><\/div>\n\t\t\t\t\t\t\t\t<\/div>\n\t\t\t\t\t\t<\/div>\n\t\t\t\t\t\t<div class='spectra-image-gallery__media-wrapper' data-spectra-gallery-image-id='641' tabindex=\"0\">\n\t\t\t\t\t\t\t<div class=\"spectra-image-gallery__media spectra-image-gallery__media--grid\">\n\t\t\t\t<picture>\n\t\t\t\t\t<source media=\"(min-width: 1024px)\" srcset=\"https:\/\/alotifarm.com\/wp-content\/uploads\/2025\/10\/BIPoC-Fem-farmers-at-work-at-aloti-farm-credit-Anna-Sika-Bois-Fiaty-1024x768.jpeg\">\n\t\t\t\t\t<source media=\"(min-width: 768px)\" srcset=\"https:\/\/alotifarm.com\/wp-content\/uploads\/2025\/10\/BIPoC-Fem-farmers-at-work-at-aloti-farm-credit-Anna-Sika-Bois-Fiaty-1024x768.jpeg\">\n\t\t\t\t\t<img decoding=\"async\" class=\"spectra-image-gallery__media-thumbnail spectra-image-gallery__media-thumbnail--grid\" src=\"https:\/\/alotifarm.com\/wp-content\/uploads\/2025\/10\/BIPoC-Fem-farmers-at-work-at-aloti-farm-credit-Anna-Sika-Bois-Fiaty-300x225.jpeg\" alt=\"BIPoC Fem farmers at work at aloti farm - credit Anna Sika Bois-Fiaty\" loading=\"lazy\" \/>\n\t\t\t\t<\/picture>\n\t\t\t\t<div class=\"spectra-image-gallery__media-thumbnail-blurrer\"><\/div>\n\t\t\t\t\t\t\t\t\t\t\t<div class=\"spectra-image-gallery__media-thumbnail-caption-wrapper spectra-image-gallery__media-thumbnail-caption-wrapper--overlay\"><\/div>\n\t\t\t\t\t\t\t\t<\/div>\n\t\t\t\t\t\t<\/div>\n\t\t\t\t\t\t<div class='spectra-image-gallery__media-wrapper' data-spectra-gallery-image-id='648' tabindex=\"0\">\n\t\t\t\t\t\t\t<div class=\"spectra-image-gallery__media spectra-image-gallery__media--grid\">\n\t\t\t\t<picture>\n\t\t\t\t\t<source media=\"(min-width: 1024px)\" srcset=\"https:\/\/alotifarm.com\/wp-content\/uploads\/2025\/10\/two-BIPoC-Flinta-farmers-raking-a-vegetable-bed-at-aloti-farm-credit-Anna-Sika-Bois-Fiaty-768x1024.jpeg\">\n\t\t\t\t\t<source media=\"(min-width: 768px)\" srcset=\"https:\/\/alotifarm.com\/wp-content\/uploads\/2025\/10\/two-BIPoC-Flinta-farmers-raking-a-vegetable-bed-at-aloti-farm-credit-Anna-Sika-Bois-Fiaty-768x1024.jpeg\">\n\t\t\t\t\t<img decoding=\"async\" class=\"spectra-image-gallery__media-thumbnail spectra-image-gallery__media-thumbnail--grid\" src=\"https:\/\/alotifarm.com\/wp-content\/uploads\/2025\/10\/two-BIPoC-Flinta-farmers-raking-a-vegetable-bed-at-aloti-farm-credit-Anna-Sika-Bois-Fiaty-225x300.jpeg\" alt=\"two BIPoC Flinta farmers raking a vegetable bed at aloti farm - credit Anna Sika Bois-Fiaty\" loading=\"lazy\" \/>\n\t\t\t\t<\/picture>\n\t\t\t\t<div class=\"spectra-image-gallery__media-thumbnail-blurrer\"><\/div>\n\t\t\t\t\t\t\t\t\t\t\t<div class=\"spectra-image-gallery__media-thumbnail-caption-wrapper spectra-image-gallery__media-thumbnail-caption-wrapper--overlay\"><\/div>\n\t\t\t\t\t\t\t\t<\/div>\n\t\t\t\t\t\t<\/div>\n\t\t\t\t\t\t<div class='spectra-image-gallery__media-wrapper' data-spectra-gallery-image-id='642' tabindex=\"0\">\n\t\t\t\t\t\t\t<div class=\"spectra-image-gallery__media spectra-image-gallery__media--grid\">\n\t\t\t\t<picture>\n\t\t\t\t\t<source media=\"(min-width: 1024px)\" srcset=\"https:\/\/alotifarm.com\/wp-content\/uploads\/2025\/10\/BIPoC-Fem-farmers-preparing-a-vegetable-bed-with-a-broadfork-and-rake-at-aloti-farm-credit-Anna-Sika-Bois-Fiaty-1024x768.jpeg\">\n\t\t\t\t\t<source media=\"(min-width: 768px)\" srcset=\"https:\/\/alotifarm.com\/wp-content\/uploads\/2025\/10\/BIPoC-Fem-farmers-preparing-a-vegetable-bed-with-a-broadfork-and-rake-at-aloti-farm-credit-Anna-Sika-Bois-Fiaty-1024x768.jpeg\">\n\t\t\t\t\t<img decoding=\"async\" class=\"spectra-image-gallery__media-thumbnail spectra-image-gallery__media-thumbnail--grid\" src=\"https:\/\/alotifarm.com\/wp-content\/uploads\/2025\/10\/BIPoC-Fem-farmers-preparing-a-vegetable-bed-with-a-broadfork-and-rake-at-aloti-farm-credit-Anna-Sika-Bois-Fiaty-300x225.jpeg\" alt=\"BIPoC Fem farmers preparing a vegetable bed with a broadfork and rake at aloti farm - credit Anna Sika Bois-Fiaty\" loading=\"lazy\" \/>\n\t\t\t\t<\/picture>\n\t\t\t\t<div class=\"spectra-image-gallery__media-thumbnail-blurrer\"><\/div>\n\t\t\t\t\t\t\t\t\t\t\t<div class=\"spectra-image-gallery__media-thumbnail-caption-wrapper spectra-image-gallery__media-thumbnail-caption-wrapper--overlay\"><\/div>\n\t\t\t\t\t\t\t\t<\/div>\n\t\t\t\t\t\t<\/div>\n\t\t\t\t\t\t<div class='spectra-image-gallery__media-wrapper' data-spectra-gallery-image-id='637' tabindex=\"0\">\n\t\t\t\t\t\t\t<div class=\"spectra-image-gallery__media spectra-image-gallery__media--grid\">\n\t\t\t\t<picture>\n\t\t\t\t\t<source media=\"(min-width: 1024px)\" srcset=\"https:\/\/alotifarm.com\/wp-content\/uploads\/2025\/10\/BIPoC-farmers-planting-seedlings-into-a-high-compost-bed-at-aloti-farm-credit-Anna-Sika-Bois-Fiaty-1024x768.jpeg\">\n\t\t\t\t\t<source media=\"(min-width: 768px)\" srcset=\"https:\/\/alotifarm.com\/wp-content\/uploads\/2025\/10\/BIPoC-farmers-planting-seedlings-into-a-high-compost-bed-at-aloti-farm-credit-Anna-Sika-Bois-Fiaty-1024x768.jpeg\">\n\t\t\t\t\t<img decoding=\"async\" class=\"spectra-image-gallery__media-thumbnail spectra-image-gallery__media-thumbnail--grid\" src=\"https:\/\/alotifarm.com\/wp-content\/uploads\/2025\/10\/BIPoC-farmers-planting-seedlings-into-a-high-compost-bed-at-aloti-farm-credit-Anna-Sika-Bois-Fiaty-300x225.jpeg\" alt=\"\" loading=\"lazy\" \/>\n\t\t\t\t<\/picture>\n\t\t\t\t<div class=\"spectra-image-gallery__media-thumbnail-blurrer\"><\/div>\n\t\t\t\t\t\t\t\t\t\t\t<div class=\"spectra-image-gallery__media-thumbnail-caption-wrapper spectra-image-gallery__media-thumbnail-caption-wrapper--overlay\"><\/div>\n\t\t\t\t\t\t\t\t<\/div>\n\t\t\t\t\t\t<\/div>\n\t\t\t\t\t\t<div class='spectra-image-gallery__media-wrapper' data-spectra-gallery-image-id='644' tabindex=\"0\">\n\t\t\t\t\t\t\t<div class=\"spectra-image-gallery__media spectra-image-gallery__media--grid\">\n\t\t\t\t<picture>\n\t\t\t\t\t<source media=\"(min-width: 1024px)\" srcset=\"https:\/\/alotifarm.com\/wp-content\/uploads\/2025\/10\/cabbage-bed-at-aloti-farm-credit-Anna-Sika-Bois-Fiaty-768x1024.jpeg\">\n\t\t\t\t\t<source media=\"(min-width: 768px)\" srcset=\"https:\/\/alotifarm.com\/wp-content\/uploads\/2025\/10\/cabbage-bed-at-aloti-farm-credit-Anna-Sika-Bois-Fiaty-768x1024.jpeg\">\n\t\t\t\t\t<img decoding=\"async\" class=\"spectra-image-gallery__media-thumbnail spectra-image-gallery__media-thumbnail--grid\" src=\"https:\/\/alotifarm.com\/wp-content\/uploads\/2025\/10\/cabbage-bed-at-aloti-farm-credit-Anna-Sika-Bois-Fiaty-225x300.jpeg\" alt=\"cabbage bed at aloti farm - credit Anna Sika Bois-Fiaty\" loading=\"lazy\" \/>\n\t\t\t\t<\/picture>\n\t\t\t\t<div class=\"spectra-image-gallery__media-thumbnail-blurrer\"><\/div>\n\t\t\t\t\t\t\t\t\t\t\t<div class=\"spectra-image-gallery__media-thumbnail-caption-wrapper spectra-image-gallery__media-thumbnail-caption-wrapper--overlay\"><\/div>\n\t\t\t\t\t\t\t\t<\/div>\n\t\t\t\t\t\t<\/div>\n\t\t\t\t\t\t<div class='spectra-image-gallery__media-wrapper' data-spectra-gallery-image-id='636' tabindex=\"0\">\n\t\t\t\t\t\t\t<div class=\"spectra-image-gallery__media spectra-image-gallery__media--grid\">\n\t\t\t\t<picture>\n\t\t\t\t\t<source media=\"(min-width: 1024px)\" srcset=\"https:\/\/alotifarm.com\/wp-content\/uploads\/2025\/10\/BIPoC-farmers-planting-seedlings-into-a-compost-high-bed-at-aloti-farm-credit-Anna-Sika-Bois-Fiaty-1024x768.jpeg\">\n\t\t\t\t\t<source media=\"(min-width: 768px)\" srcset=\"https:\/\/alotifarm.com\/wp-content\/uploads\/2025\/10\/BIPoC-farmers-planting-seedlings-into-a-compost-high-bed-at-aloti-farm-credit-Anna-Sika-Bois-Fiaty-1024x768.jpeg\">\n\t\t\t\t\t<img decoding=\"async\" class=\"spectra-image-gallery__media-thumbnail spectra-image-gallery__media-thumbnail--grid\" src=\"https:\/\/alotifarm.com\/wp-content\/uploads\/2025\/10\/BIPoC-farmers-planting-seedlings-into-a-compost-high-bed-at-aloti-farm-credit-Anna-Sika-Bois-Fiaty-300x225.jpeg\" alt=\"BIPoC farmers planting seedlings into a compost high bed at aloti farm - credit Anna Sika Bois-Fiaty\" loading=\"lazy\" \/>\n\t\t\t\t<\/picture>\n\t\t\t\t<div class=\"spectra-image-gallery__media-thumbnail-blurrer\"><\/div>\n\t\t\t\t\t\t\t\t\t\t\t<div class=\"spectra-image-gallery__media-thumbnail-caption-wrapper spectra-image-gallery__media-thumbnail-caption-wrapper--overlay\"><\/div>\n\t\t\t\t\t\t\t\t<\/div>\n\t\t\t\t\t\t<\/div>\n\t\t\t\t\t\t<div class='spectra-image-gallery__media-wrapper' data-spectra-gallery-image-id='643' tabindex=\"0\">\n\t\t\t\t\t\t\t<div class=\"spectra-image-gallery__media spectra-image-gallery__media--grid\">\n\t\t\t\t<picture>\n\t\t\t\t\t<source media=\"(min-width: 1024px)\" srcset=\"https:\/\/alotifarm.com\/wp-content\/uploads\/2025\/10\/Black-and-brown-Fem-farmers-weeding-a-compost-high-bed-at-aloti-farm-credit-Anna-Sika-Bois-Fiaty-1024x768.jpeg\">\n\t\t\t\t\t<source media=\"(min-width: 768px)\" srcset=\"https:\/\/alotifarm.com\/wp-content\/uploads\/2025\/10\/Black-and-brown-Fem-farmers-weeding-a-compost-high-bed-at-aloti-farm-credit-Anna-Sika-Bois-Fiaty-1024x768.jpeg\">\n\t\t\t\t\t<img decoding=\"async\" class=\"spectra-image-gallery__media-thumbnail spectra-image-gallery__media-thumbnail--grid\" src=\"https:\/\/alotifarm.com\/wp-content\/uploads\/2025\/10\/Black-and-brown-Fem-farmers-weeding-a-compost-high-bed-at-aloti-farm-credit-Anna-Sika-Bois-Fiaty-300x225.jpeg\" alt=\"Black and brown Fem farmers weeding a compost high bed at aloti farm\" loading=\"lazy\" \/>\n\t\t\t\t<\/picture>\n\t\t\t\t<div class=\"spectra-image-gallery__media-thumbnail-blurrer\"><\/div>\n\t\t\t\t\t\t\t\t\t\t\t<div class=\"spectra-image-gallery__media-thumbnail-caption-wrapper spectra-image-gallery__media-thumbnail-caption-wrapper--overlay\"><\/div>\n\t\t\t\t\t\t\t\t<\/div>\n\t\t\t\t\t\t<\/div>\n\t\t\t\t\t\t\t\t\t\t<\/div>\n\t\t\t\t\t\t\t\t\t\t\t\t\t\t\t\t\t\t<\/div>\n\t\t\t\t\t\t\t\t\t\n\n\n<p style=\"margin-top:var(--wp--preset--spacing--xxx-small);margin-bottom:var(--wp--preset--spacing--xxx-small)\">Fotographie:  Anna Sika Bois-Fiaty<\/p>\n<\/div><\/div>\n\n\n\n<div class=\"wp-block-uagb-container uagb-block-74ee23fa alignfull uagb-is-root-container\"><div class=\"uagb-container-inner-blocks-wrap\">\n<div class=\"wp-block-uagb-info-box uagb-block-7784ace5 uagb-infobox__content-wrap  uagb-infobox-icon-above-title uagb-infobox-image-valign-top wp-block-uagb-info-box--has-margin\"><div class=\"uagb-infobox-margin-wrapper\"><div class=\"uagb-ifb-content\"><div class=\"uagb-ifb-title-wrap\"><h2 class=\"uagb-ifb-title\">Abonnieren<\/h2><\/div><p class=\"uagb-ifb-desc\">Alle Kisten sind ausverkauft? Dann trage dich in unsere Warteliste ein, um \u00fcber neue Mitgliedschaftspl\u00e4tze informiert zu werden!<\/p><div class=\"uagb-ifb-button-wrapper wp-block-button\"><a href=\"\/de\/membership\/#waitlist\" class=\"uagb-infobox-cta-link wp-block-button__link\" target=\"_self\" rel=\"noopener noreferrer\" onclick=\"return true;\"><span class=\"uagb-inline-editing\">Informiert bleiben<\/span><\/a><\/div><\/div><\/div><\/div>\n<\/div><\/div>","protected":false},"excerpt":{"rendered":"<p>Fotographie:  Anna Sika Bois-Fiaty<\/p>","protected":false},"author":2,"featured_media":0,"parent":0,"menu_order":0,"comment_status":"closed","ping_status":"closed","template":"","meta":{"_uag_custom_page_level_css":".w-full img {\n\twidth: 100% !important;\n}\n\n.h-auto img {\n\theight: auto !important;\n}\n\n.font-body {\n\tfont-family: \\\"Arapey\\\";\n}\n\n.max-w-prose {\n\tmax-width: 640px;\n}\n\n.w-fit {\n\twidth: fit-content;\n}\n\n.m-0 {\n\tmargin: 0 !important;\n}","_swt_meta_header_display":false,"_swt_meta_footer_display":false,"_swt_meta_site_title_display":false,"_swt_meta_sticky_header":false,"_swt_meta_transparent_header":true,"footnotes":""},"class_list":["post-51","page","type-page","status-publish","hentry"],"uagb_featured_image_src":{"full":false,"thumbnail":false,"medium":false,"medium_large":false,"large":false,"1536x1536":false,"2048x2048":false,"trp-custom-language-flag":false,"mailpoet_newsletter_max":false},"uagb_author_info":{"display_name":"Vi R","author_link":"https:\/\/alotifarm.com\/de\/author\/vcntrnd\/"},"uagb_comment_info":0,"uagb_excerpt":"Photography: Anna Sika Bois-Fiaty","_links":{"self":[{"href":"https:\/\/alotifarm.com\/de\/wp-json\/wp\/v2\/pages\/51","targetHints":{"allow":["GET"]}}],"collection":[{"href":"https:\/\/alotifarm.com\/de\/wp-json\/wp\/v2\/pages"}],"about":[{"href":"https:\/\/alotifarm.com\/de\/wp-json\/wp\/v2\/types\/page"}],"author":[{"embeddable":true,"href":"https:\/\/alotifarm.com\/de\/wp-json\/wp\/v2\/users\/2"}],"replies":[{"embeddable":true,"href":"https:\/\/alotifarm.com\/de\/wp-json\/wp\/v2\/comments?post=51"}],"version-history":[{"count":152,"href":"https:\/\/alotifarm.com\/de\/wp-json\/wp\/v2\/pages\/51\/revisions"}],"predecessor-version":[{"id":826,"href":"https:\/\/alotifarm.com\/de\/wp-json\/wp\/v2\/pages\/51\/revisions\/826"}],"wp:attachment":[{"href":"https:\/\/alotifarm.com\/de\/wp-json\/wp\/v2\/media?parent=51"}],"curies":[{"name":"wp","href":"https:\/\/api.w.org\/{rel}","templated":true}]}}