{"id":88,"date":"2025-05-01T06:41:21","date_gmt":"2025-05-01T06:41:21","guid":{"rendered":"https:\/\/aloti-farm.local\/?page_id=88"},"modified":"2026-02-03T10:39:36","modified_gmt":"2026-02-03T10:39:36","slug":"about-us","status":"publish","type":"page","link":"https:\/\/alotifarm.com\/de\/about-us\/","title":{"rendered":"\u00dcber uns"},"content":{"rendered":"<div class=\"wp-block-uagb-container uagb-block-ac44bed4 alignfull uagb-is-root-container\">\n<div class=\"wp-block-uagb-container uagb-block-c91b8643\">\n<div class=\"wp-block-uagb-image uagb-block-407cf186 wp-block-uagb-image--layout-default wp-block-uagb-image--effect-static wp-block-uagb-image--align-none\"><figure class=\"wp-block-uagb-image__figure\"><img decoding=\"async\" srcset=\"https:\/\/alotifarm.com\/wp-content\/uploads\/2025\/05\/Group-picture-of-attendees-at-an-community-farming-retreat-cropped-1024x768.jpg ,https:\/\/alotifarm.com\/wp-content\/uploads\/2025\/05\/Group-picture-of-attendees-at-an-community-farming-retreat-cropped.jpg 780w, https:\/\/alotifarm.com\/wp-content\/uploads\/2025\/05\/Group-picture-of-attendees-at-an-community-farming-retreat-cropped.jpg 360w\" sizes=\"auto, (max-width: 480px) 150px\" src=\"https:\/\/alotifarm.com\/wp-content\/uploads\/2025\/05\/Group-picture-of-attendees-at-an-community-farming-retreat-cropped-1024x768.jpg\" alt=\"Group picture of attendees at an community farming retreat\" class=\"uag-image-235\" width=\"1024\" height=\"768\" title=\"Group picture of attendees at an community farming retreat -cropped\" loading=\"lazy\" role=\"img\"\/><\/figure><\/div>\n<\/div>\n\n\n\n<div class=\"wp-block-uagb-container uagb-block-463b62fe\">\n<div class=\"wp-block-uagb-advanced-heading uagb-block-f79bfb0f\"><h1 class=\"uagb-heading-text\">Wer Wir Sind<\/h1><\/div>\n\n\n\n<p class=\"has-custom-text-light-color has-text-color has-link-color wp-elements-73ce7889ecc46af8607b54a6771ebe0e\" style=\"margin-top:var(--wp--preset--spacing--xx-small);margin-bottom:var(--wp--preset--spacing--xx-small)\">Aloti Farm ist ein \u00f6kologischer Permakultur- Hof, der von einem kleinen Team schwarzer FLINTA- Menschen in der N\u00e4he von Berlin betrieben ist. Obwohl unser Team klein ist, wird der Hof von einer stetig wachsenden Gemeinschaft gro\u00dfz\u00fcgiger Helfer*innen unterst\u00fctzt.&nbsp;<\/p>\n\n\n\n<p class=\"has-custom-text-light-color has-text-color has-link-color wp-elements-2771d2620fef71adaf5f708cf5f3acd9\" style=\"margin-top:var(--wp--preset--spacing--xx-small);margin-bottom:var(--wp--preset--spacing--xx-small)\">Wir bauen auf einem Hektar Land Gem\u00fcse und Kr\u00e4uter an und machen sie dank einer solidarischen Preisskala f\u00fcr jeden zug\u00e4nglich. <strong><em>solidarity-based price scale<\/em><\/strong>.<\/p>\n\n\n\n<p class=\"has-custom-text-light-color has-text-color has-link-color wp-elements-d2b7462c65caff7b889ef7a375175cd1\" style=\"margin-top:var(--wp--preset--spacing--xx-small);margin-bottom:var(--wp--preset--spacing--xx-small)\"><strong><em>The farm is open to all<\/em><\/strong> who share our values <strong><em>but we center BIPoC, queer, migrant and disabled folks<\/em><\/strong> in our farming practice and political work.<\/p>\n<\/div>\n<\/div>\n\n\n\n<div class=\"wp-block-uagb-container uagb-block-eccff2fc alignfull uagb-is-root-container\"><div class=\"uagb-container-inner-blocks-wrap\">\n<div class=\"wp-block-uagb-container uagb-block-337ad491\">\n<div class=\"wp-block-uagb-advanced-heading uagb-block-070237ce\"><h2 class=\"uagb-heading-text\">Das Team<\/h2><\/div>\n\n\n\n<div class=\"wp-block-uagb-advanced-heading uagb-block-fbb1730b\"><\/div>\n<\/div>\n\n\n\n<div class=\"wp-block-uagb-container uagb-block-84391e5b\">\n<div class=\"wp-block-uagb-container uagb-block-db7d5427\">\n<div class=\"wp-block-uagb-image aligncenter uagb-block-4adfbbbd wp-block-uagb-image--layout-default wp-block-uagb-image--effect-static wp-block-uagb-image--align-center\"><figure class=\"wp-block-uagb-image__figure\"><img decoding=\"async\" srcset=\"https:\/\/alotifarm.com\/wp-content\/uploads\/2025\/05\/Smiling-Black-fem-farmer-loosening-soil-with-a-broadfoark-683x1024.jpeg ,https:\/\/alotifarm.com\/wp-content\/uploads\/2025\/05\/Smiling-Black-fem-farmer-loosening-soil-with-a-broadfoark-scaled.jpeg 780w, https:\/\/alotifarm.com\/wp-content\/uploads\/2025\/05\/Smiling-Black-fem-farmer-loosening-soil-with-a-broadfoark-scaled.jpeg 360w\" sizes=\"auto, (max-width: 480px) 150px\" src=\"https:\/\/alotifarm.com\/wp-content\/uploads\/2025\/05\/Smiling-Black-fem-farmer-loosening-soil-with-a-broadfoark-683x1024.jpeg\" alt=\"Smiling Black fem farmer loosening soil with a broadfoark\" class=\"uag-image-120\" width=\"683\" height=\"1024\" title=\"Nicole Portrait\" loading=\"lazy\" role=\"img\"\/><\/figure><\/div>\n\n\n\n<div class=\"wp-block-uagb-advanced-heading uagb-block-eb5ff545\"><h3 class=\"uagb-heading-text\"><em>Nicole<\/em><\/h3><\/div>\n\n\n\n<p style=\"margin-top:0;margin-bottom:0\">Hallo, ich bin Nicole, eine M\u00f6chtegern-B\u00e4uerin und Gr\u00fcnderin der Aloti Farm. Ich habe mich daf\u00fcr entschieden, Land zu pflegen und Lebewesen zu betreuen, um mich gegen die Nekropolitik zu wehren, die uns den Frieden und eine gesunde Erde raubt. Obwohl die Arbeit oft sehr anstrengend ist, bin ich voller Dankbarkeit f\u00fcr die gro\u00dfz\u00fcgige Unterst\u00fctzung, die dieses Projekt von so vielen erh\u00e4lt!&nbsp;<\/p>\n\n\n\n<p class=\"has-small-font-size\" style=\"margin-top:0;margin-bottom:0\"><em>Fotografie: Paul Musso<br><\/em><\/p>\n<\/div>\n\n\n\n<div class=\"wp-block-uagb-container uagb-block-1ad6ca63\">\n<div class=\"wp-block-uagb-image uagb-block-93edd259 wp-block-uagb-image--layout-default wp-block-uagb-image--effect-static wp-block-uagb-image--align-none\"><figure class=\"wp-block-uagb-image__figure\"><img decoding=\"async\" srcset=\"https:\/\/alotifarm.com\/wp-content\/uploads\/2026\/02\/portrait-of-Biracial-Black-fem-person-with-short-hair-682x1024.jpg ,https:\/\/alotifarm.com\/wp-content\/uploads\/2026\/02\/portrait-of-Biracial-Black-fem-person-with-short-hair.jpg 780w, https:\/\/alotifarm.com\/wp-content\/uploads\/2026\/02\/portrait-of-Biracial-Black-fem-person-with-short-hair.jpg 360w\" sizes=\"auto, (max-width: 480px) 150px\" src=\"https:\/\/alotifarm.com\/wp-content\/uploads\/2026\/02\/portrait-of-Biracial-Black-fem-person-with-short-hair-682x1024.jpg\" alt=\"\" class=\"uag-image-818\" width=\"683\" height=\"1024\" title=\"portrait of Biracial Black fem person with short hair\" loading=\"lazy\" role=\"img\"\/><\/figure><\/div>\n\n\n\n<div class=\"wp-block-uagb-advanced-heading uagb-block-ba405d8e\"><h3 class=\"uagb-heading-text\">Sika<\/h3><\/div>\n\n\n\n<p style=\"margin-top:0;margin-bottom:0\">Hello, I am Sika, a community organiser, an enthusiatic veggies caregiver and an experimental cook. I chose to work at aloti to create more safer and healing spaces, to foster community and access to food and because I love growing veggies. My wild dream : growing all kind of chilies in Brandenburg.<br><\/p>\n<\/div>\n\n\n\n<div class=\"wp-block-uagb-container uagb-block-8d626146\">\n<div class=\"wp-block-uagb-image uagb-block-dc6ce92f wp-block-uagb-image--layout-default wp-block-uagb-image--effect-static wp-block-uagb-image--align-none\"><figure class=\"wp-block-uagb-image__figure\"><img decoding=\"async\" srcset=\"https:\/\/alotifarm.com\/wp-content\/uploads\/2025\/05\/Smiling-older-woman-farmer-raking-a-raised-compost-bed-2.3-682x1024.jpg ,https:\/\/alotifarm.com\/wp-content\/uploads\/2025\/05\/Smiling-older-woman-farmer-raking-a-raised-compost-bed-2.3.jpg 780w, https:\/\/alotifarm.com\/wp-content\/uploads\/2025\/05\/Smiling-older-woman-farmer-raking-a-raised-compost-bed-2.3.jpg 360w\" sizes=\"auto, (max-width: 480px) 150px\" src=\"https:\/\/alotifarm.com\/wp-content\/uploads\/2025\/05\/Smiling-older-woman-farmer-raking-a-raised-compost-bed-2.3-682x1024.jpg\" alt=\"\" class=\"uag-image-201\" width=\"682\" height=\"1024\" title=\"Smiling older woman farmer raking a raised compost bed - 2.3\" loading=\"lazy\" role=\"img\"\/><\/figure><\/div>\n\n\n\n<div class=\"wp-block-uagb-advanced-heading uagb-block-414e873d\"><h3 class=\"uagb-heading-text\"><em>Lilya (Ehrenmitglied des Teams)<\/em><\/h3><\/div>\n\n\n\n<p style=\"margin-top:0;margin-bottom:0\">Hallo, ich bin Lilya, Nicoles Mutter. Ich bin Rentnerin und lebe in Togo. Allerdings verbringe ich etwa drei Monate im Jahr in Berlin, um auf dem Hof ehrenamtlich mitzuhelfen, die lokalen Nachhaltigkeitsbem\u00fchungen zu unterst\u00fctzen und Leckereien f\u00fcr unsere Mitmachtage zu backen. Irgendjemand muss das ja machen, oder?<br><\/p>\n<\/div>\n<\/div>\n<\/div><\/div>\n\n\n\n<div class=\"wp-block-uagb-container uagb-block-fed8d89d alignfull uagb-is-root-container\"><div class=\"uagb-container-inner-blocks-wrap\">\n<div class=\"wp-block-uagb-info-box uagb-block-7ba54e15 uagb-infobox__content-wrap  uagb-infobox-icon-above-title uagb-infobox-image-valign-top wp-block-uagb-info-box--has-margin\"><div class=\"uagb-infobox-margin-wrapper\"><div class=\"uagb-ifb-content\"><div class=\"uagb-ifb-title-wrap\"><h2 class=\"uagb-ifb-title\">Abonnieren<\/h2><\/div><p class=\"uagb-ifb-desc\">Alle Kisten sind ausverkauft? Dann trage dich in unsere Warteliste ein, um \u00fcber neue Mitgliedschaftspl\u00e4tze informiert zu werden!<\/p><div class=\"uagb-ifb-button-wrapper wp-block-button\"><a href=\"\/de\/membership\/#waitlist\" class=\"uagb-infobox-cta-link wp-block-button__link\" target=\"_self\" rel=\"noopener noreferrer\" onclick=\"return true;\"><span class=\"uagb-inline-editing\">Informiert bleiben<\/span><\/a><\/div><\/div><\/div><\/div>\n<\/div><\/div>","protected":false},"excerpt":{"rendered":"<p>Who We Are Aloti Farm is an organic permaculture farm run by a tiny Black FLINTA team near Berlin and nurtured by an ever growing community of generous helpers.&nbsp; We grow vegetables and herbs on 1 hectare of land and make them accessible thanks to a solidarity-based price scale. The farm is open to all [&hellip;]<\/p>\n","protected":false},"author":2,"featured_media":0,"parent":0,"menu_order":0,"comment_status":"closed","ping_status":"closed","template":"","meta":{"_uag_custom_page_level_css":"","_swt_meta_header_display":false,"_swt_meta_footer_display":false,"_swt_meta_site_title_display":false,"_swt_meta_sticky_header":false,"_swt_meta_transparent_header":false,"footnotes":""},"class_list":["post-88","page","type-page","status-publish","hentry"],"uagb_featured_image_src":{"full":false,"thumbnail":false,"medium":false,"medium_large":false,"large":false,"1536x1536":false,"2048x2048":false,"trp-custom-language-flag":false,"mailpoet_newsletter_max":false},"uagb_author_info":{"display_name":"Vi R","author_link":"https:\/\/alotifarm.com\/de\/author\/vcntrnd\/"},"uagb_comment_info":0,"uagb_excerpt":"Who We Are Aloti Farm is an organic permaculture farm run by a tiny Black FLINTA team near Berlin and nurtured by an ever growing community of generous helpers.&nbsp; We grow vegetables and herbs on 1 hectare of land and make them accessible thanks to a solidarity-based price scale. The farm is open to all&hellip;","_links":{"self":[{"href":"https:\/\/alotifarm.com\/de\/wp-json\/wp\/v2\/pages\/88","targetHints":{"allow":["GET"]}}],"collection":[{"href":"https:\/\/alotifarm.com\/de\/wp-json\/wp\/v2\/pages"}],"about":[{"href":"https:\/\/alotifarm.com\/de\/wp-json\/wp\/v2\/types\/page"}],"author":[{"embeddable":true,"href":"https:\/\/alotifarm.com\/de\/wp-json\/wp\/v2\/users\/2"}],"replies":[{"embeddable":true,"href":"https:\/\/alotifarm.com\/de\/wp-json\/wp\/v2\/comments?post=88"}],"version-history":[{"count":42,"href":"https:\/\/alotifarm.com\/de\/wp-json\/wp\/v2\/pages\/88\/revisions"}],"predecessor-version":[{"id":825,"href":"https:\/\/alotifarm.com\/de\/wp-json\/wp\/v2\/pages\/88\/revisions\/825"}],"wp:attachment":[{"href":"https:\/\/alotifarm.com\/de\/wp-json\/wp\/v2\/media?parent=88"}],"curies":[{"name":"wp","href":"https:\/\/api.w.org\/{rel}","templated":true}]}}