{"id":96,"date":"2025-05-01T06:47:07","date_gmt":"2025-05-01T06:47:07","guid":{"rendered":"https:\/\/aloti-farm.local\/?page_id=96"},"modified":"2025-10-14T12:20:13","modified_gmt":"2025-10-14T12:20:13","slug":"sponsors-and-collaborators","status":"publish","type":"page","link":"https:\/\/alotifarm.com\/de\/sponsors-and-collaborators\/","title":{"rendered":"Sponsors &amp; Collaborators"},"content":{"rendered":"<div class=\"wp-block-uagb-container uagb-block-088e30ce alignfull uagb-is-root-container\"><div class=\"uagb-container-inner-blocks-wrap\">\n<div class=\"wp-block-uagb-advanced-heading uagb-block-597ce9eb\"><h2 class=\"uagb-heading-text\">Unsere Sponsoren und Kooperationspartner<\/h2><\/div>\n\n\n\n<p class=\"has-text-align-center\" style=\"padding-right:0px;padding-left:0px\">Wir danken unseren Sponsoren, den Basisinitiativen und unz\u00e4hligen Helfer*innen, deren F\u00f6rderungen und Mithilfe die Arbeit von aloti farm erm\u00f6glicht. Schaut euch ihre Arbeit an und unterst\u00fctzt sie!<br><\/p>\n\n\n\n<div class=\"wp-block-uagb-container uagb-layout-grid uagb-block-a0b060eb\">\n<div class=\"wp-block-uagb-image aligncenter uagb-block-81c6f79c wp-block-uagb-image--layout-default wp-block-uagb-image--effect-static wp-block-uagb-image--align-center\"><figure class=\"wp-block-uagb-image__figure\"><a class=\"\" href=\"https:\/\/explore.ecosia.org\/all-in-for-berlin\" target=\"_blank\" rel=\"noreferrer noopener\"><img loading=\"lazy\" decoding=\"async\" srcset=\"https:\/\/alotifarm.com\/wp-content\/uploads\/2025\/06\/Ecosia_Logo_Green-1-1024x263.png ,https:\/\/alotifarm.com\/wp-content\/uploads\/2025\/06\/Ecosia_Logo_Green-1-1024x263.png 780w, https:\/\/alotifarm.com\/wp-content\/uploads\/2025\/06\/Ecosia_Logo_Green-1-1024x263.png 360w\" sizes=\"auto, (max-width: 480px) 150px\" src=\"https:\/\/alotifarm.com\/wp-content\/uploads\/2025\/06\/Ecosia_Logo_Green-1-1024x263.png\" alt=\"Ecosia Logo\" class=\"uag-image-495\" width=\"250\" height=\"9325\" title=\"\" role=\"img\"\/><\/a><\/figure><\/div>\n\n\n\n<div class=\"wp-block-uagb-image aligncenter uagb-block-08e671f1 wp-block-uagb-image--layout-default wp-block-uagb-image--effect-static wp-block-uagb-image--align-center\"><figure class=\"wp-block-uagb-image__figure\"><a class=\"\" href=\"https:\/\/www.migrationsrat.de\/come-in-startseite\/\" target=\"_blank\" rel=\"noreferrer noopener\"><img loading=\"lazy\" decoding=\"async\" srcset=\"https:\/\/alotifarm.com\/wp-content\/uploads\/2025\/05\/migrationsrat-berlin-logo-scaled-e1748261138441-1024x358.png ,https:\/\/alotifarm.com\/wp-content\/uploads\/2025\/05\/migrationsrat-berlin-logo-scaled-e1748261138441-1024x358.png 780w, https:\/\/alotifarm.com\/wp-content\/uploads\/2025\/05\/migrationsrat-berlin-logo-scaled-e1748261138441-1024x358.png 360w\" sizes=\"auto, (max-width: 480px) 150px\" src=\"https:\/\/alotifarm.com\/wp-content\/uploads\/2025\/05\/migrationsrat-berlin-logo-scaled-e1748261138441-1024x358.png\" alt=\"migrationsrat berlin logo\" class=\"uag-image-475\" width=\"250\" height=\"9325\" title=\"\" role=\"img\"\/><\/a><\/figure><\/div>\n\n\n\n<div class=\"wp-block-uagb-image aligncenter uagb-block-53ded2dc wp-block-uagb-image--layout-default wp-block-uagb-image--effect-static wp-block-uagb-image--align-center\"><figure class=\"wp-block-uagb-image__figure\"><img loading=\"lazy\" decoding=\"async\" srcset=\"https:\/\/alotifarm.com\/wp-content\/uploads\/2025\/10\/3-1_ComE-In_RGB_Standard-1024x487.png ,https:\/\/alotifarm.com\/wp-content\/uploads\/2025\/10\/3-1_ComE-In_RGB_Standard-scaled.png 780w, https:\/\/alotifarm.com\/wp-content\/uploads\/2025\/10\/3-1_ComE-In_RGB_Standard-scaled.png 360w\" sizes=\"auto, (max-width: 480px) 150px\" src=\"https:\/\/alotifarm.com\/wp-content\/uploads\/2025\/10\/3-1_ComE-In_RGB_Standard-1024x487.png\" alt=\"CommunityEmpowermentIntersektional Logo\" class=\"uag-image-546\" width=\"22472\" height=\"9325\" title=\"\" role=\"img\"\/><\/figure><\/div>\n\n\n\n<div class=\"wp-block-uagb-image aligncenter uagb-block-5c4ff82d wp-block-uagb-image--layout-default wp-block-uagb-image--effect-static wp-block-uagb-image--align-center\"><figure class=\"wp-block-uagb-image__figure\"><img loading=\"lazy\" decoding=\"async\" srcset=\"https:\/\/alotifarm.com\/wp-content\/uploads\/2025\/10\/4-IGSV_Logo_CMYK_M_300dpi_280x242mm-1024x885.png ,https:\/\/alotifarm.com\/wp-content\/uploads\/2025\/10\/4-IGSV_Logo_CMYK_M_300dpi_280x242mm-scaled.png 780w, https:\/\/alotifarm.com\/wp-content\/uploads\/2025\/10\/4-IGSV_Logo_CMYK_M_300dpi_280x242mm-scaled.png 360w\" sizes=\"auto, (max-width: 480px) 150px\" src=\"https:\/\/alotifarm.com\/wp-content\/uploads\/2025\/10\/4-IGSV_Logo_CMYK_M_300dpi_280x242mm-1024x885.png\" alt=\"IGSV Logo\" class=\"uag-image-543\" width=\"22472\" height=\"9325\" title=\"\" role=\"img\"\/><\/figure><\/div>\n\n\n\n<div class=\"wp-block-uagb-image aligncenter uagb-block-14bd6492 wp-block-uagb-image--layout-default wp-block-uagb-image--effect-static wp-block-uagb-image--align-center\"><figure class=\"wp-block-uagb-image__figure\"><img loading=\"lazy\" decoding=\"async\" srcset=\"https:\/\/alotifarm.com\/wp-content\/uploads\/2025\/10\/5-LADS-LSBTI_Logo_4c_600dpi-1024x337.jpg ,https:\/\/alotifarm.com\/wp-content\/uploads\/2025\/10\/5-LADS-LSBTI_Logo_4c_600dpi.jpg 780w, https:\/\/alotifarm.com\/wp-content\/uploads\/2025\/10\/5-LADS-LSBTI_Logo_4c_600dpi.jpg 360w\" sizes=\"auto, (max-width: 480px) 150px\" src=\"https:\/\/alotifarm.com\/wp-content\/uploads\/2025\/10\/5-LADS-LSBTI_Logo_4c_600dpi-1024x337.jpg\" alt=\"Landesstelle f\u00fcr Gleichbehandlung Gegen Diskriminierung -LSBTI Logo\" class=\"uag-image-544\" width=\"22472\" height=\"9325\" title=\"\" role=\"img\"\/><\/figure><\/div>\n\n\n\n<div class=\"wp-block-uagb-image aligncenter uagb-block-34ee6588 wp-block-uagb-image--layout-default wp-block-uagb-image--effect-static wp-block-uagb-image--align-center\"><figure class=\"wp-block-uagb-image__figure\"><img loading=\"lazy\" decoding=\"async\" srcset=\"https:\/\/alotifarm.com\/wp-content\/uploads\/2025\/10\/6-B_SEN_ASGIVA_Logo_DE_V_PW_4C-1024x759.png ,https:\/\/alotifarm.com\/wp-content\/uploads\/2025\/10\/6-B_SEN_ASGIVA_Logo_DE_V_PW_4C.png 780w, https:\/\/alotifarm.com\/wp-content\/uploads\/2025\/10\/6-B_SEN_ASGIVA_Logo_DE_V_PW_4C.png 360w\" sizes=\"auto, (max-width: 480px) 150px\" src=\"https:\/\/alotifarm.com\/wp-content\/uploads\/2025\/10\/6-B_SEN_ASGIVA_Logo_DE_V_PW_4C-1024x759.png\" alt=\"Senatsverwaltung f\u00fcr Arbeit, Soziales, Gleichstellung, Integration, Vielfalt und Antidiskriminierung Logo\" class=\"uag-image-545\" width=\"22472\" height=\"9325\" title=\"\" role=\"img\"\/><\/figure><\/div>\n\n\n\n<div class=\"wp-block-uagb-image aligncenter uagb-block-51edc4e2 wp-block-uagb-image--layout-default wp-block-uagb-image--effect-static wp-block-uagb-image--align-center\"><figure class=\"wp-block-uagb-image__figure\"><a class=\"\" href=\"https:\/\/www.instagram.com\/weaving_futures_collective\/?hl=en\" target=\"_blank\" rel=\"noreferrer noopener\"><img loading=\"lazy\" decoding=\"async\" srcset=\"https:\/\/alotifarm.com\/wp-content\/uploads\/2025\/10\/1.png ,https:\/\/alotifarm.com\/wp-content\/uploads\/2025\/10\/1.png 780w, https:\/\/alotifarm.com\/wp-content\/uploads\/2025\/10\/1.png 360w\" sizes=\"auto, (max-width: 480px) 150px\" src=\"https:\/\/alotifarm.com\/wp-content\/uploads\/2025\/10\/1.png\" alt=\"Weaving Futures Logo\" class=\"uag-image-540\" width=\"22472\" height=\"9325\" title=\"\" role=\"img\"\/><\/a><\/figure><\/div>\n\n\n\n<div class=\"wp-block-uagb-image aligncenter uagb-block-451241cf wp-block-uagb-image--layout-default wp-block-uagb-image--effect-static wp-block-uagb-image--align-center uag-hide-desktop uag-hide-tab uag-hide-mob\"><figure class=\"wp-block-uagb-image__figure\"><a class=\"\" href=\"https:\/\/iwspace.de\/\" target=\"_blank\" rel=\"noreferrer noopener\"><img loading=\"lazy\" decoding=\"async\" srcset=\"https:\/\/alotifarm.com\/wp-content\/uploads\/2025\/10\/8-International-Women_-Space-logo.jpg ,https:\/\/alotifarm.com\/wp-content\/uploads\/2025\/10\/8-International-Women_-Space-logo.jpg 780w, https:\/\/alotifarm.com\/wp-content\/uploads\/2025\/10\/8-International-Women_-Space-logo.jpg 360w\" sizes=\"auto, (max-width: 480px) 150px\" src=\"https:\/\/alotifarm.com\/wp-content\/uploads\/2025\/10\/8-International-Women_-Space-logo.jpg\" alt=\"International Women logo\" class=\"uag-image-674\" width=\"22472\" height=\"9325\" title=\"\" role=\"img\"\/><\/a><\/figure><\/div>\n\n\n\n<div class=\"wp-block-uagb-image aligncenter uagb-block-b33f342f wp-block-uagb-image--layout-default wp-block-uagb-image--effect-static wp-block-uagb-image--align-center uag-hide-desktop uag-hide-tab uag-hide-mob\"><figure class=\"wp-block-uagb-image__figure\"><a class=\"\" href=\"https:\/\/www.women-in-exile.net\/\" target=\"_blank\" rel=\"noreferrer noopener\"><img loading=\"lazy\" decoding=\"async\" srcset=\"https:\/\/alotifarm.com\/wp-content\/uploads\/2025\/10\/9-Women-in-Exile-and-Friends-logo.png ,https:\/\/alotifarm.com\/wp-content\/uploads\/2025\/10\/9-Women-in-Exile-and-Friends-logo.png 780w, https:\/\/alotifarm.com\/wp-content\/uploads\/2025\/10\/9-Women-in-Exile-and-Friends-logo.png 360w\" sizes=\"auto, (max-width: 480px) 150px\" src=\"https:\/\/alotifarm.com\/wp-content\/uploads\/2025\/10\/9-Women-in-Exile-and-Friends-logo.png\" alt=\"Women in Exile and Friends logo\" class=\"uag-image-675\" width=\"22472\" height=\"9325\" title=\"\" role=\"img\"\/><\/a><\/figure><\/div>\n\n\n\n<div class=\"wp-block-uagb-image aligncenter uagb-block-b763e5ee wp-block-uagb-image--layout-default wp-block-uagb-image--effect-static wp-block-uagb-image--align-center\"><figure class=\"wp-block-uagb-image__figure\"><a class=\"\" href=\"https:\/\/spore-initiative.org\/en\/\" target=\"_blank\" rel=\"noreferrer noopener\"><img loading=\"lazy\" decoding=\"async\" srcset=\"https:\/\/alotifarm.com\/wp-content\/uploads\/2025\/10\/10-Spore-Initiative-log.png ,https:\/\/alotifarm.com\/wp-content\/uploads\/2025\/10\/10-Spore-Initiative-log.png 780w, https:\/\/alotifarm.com\/wp-content\/uploads\/2025\/10\/10-Spore-Initiative-log.png 360w\" sizes=\"auto, (max-width: 480px) 150px\" src=\"https:\/\/alotifarm.com\/wp-content\/uploads\/2025\/10\/10-Spore-Initiative-log.png\" alt=\"pore Initiative logo\" class=\"uag-image-676\" width=\"22472\" height=\"9325\" title=\"\" role=\"img\"\/><\/a><\/figure><\/div>\n\n\n\n<div class=\"wp-block-uagb-image aligncenter uagb-block-8d92578b wp-block-uagb-image--layout-default wp-block-uagb-image--effect-static wp-block-uagb-image--align-center\"><figure class=\"wp-block-uagb-image__figure\"><a class=\"\" href=\"https:\/\/movement-hub.org\/en\/home\/\" target=\"_blank\" rel=\"noreferrer noopener\"><img loading=\"lazy\" decoding=\"async\" srcset=\"https:\/\/alotifarm.com\/wp-content\/uploads\/2025\/10\/11-Movement-Hub-logo.png ,https:\/\/alotifarm.com\/wp-content\/uploads\/2025\/10\/11-Movement-Hub-logo.png 780w, https:\/\/alotifarm.com\/wp-content\/uploads\/2025\/10\/11-Movement-Hub-logo.png 360w\" sizes=\"auto, (max-width: 480px) 150px\" src=\"https:\/\/alotifarm.com\/wp-content\/uploads\/2025\/10\/11-Movement-Hub-logo.png\" alt=\"Movement Hub logo\" class=\"uag-image-677\" width=\"22472\" height=\"9325\" title=\"\" role=\"img\"\/><\/a><\/figure><\/div>\n\n\n\n<p class=\"has-text-align-center\"><a href=\"https:\/\/www.instagram.com\/resilientvoices_berlin\/\" target=\"_blank\" rel=\"noreferrer noopener\">@resilientvoices_berlin<\/a><\/p>\n\n\n\n<p class=\"has-text-align-center\"><a href=\"https:\/\/www.instagram.com\/cjb.kollektiv\/?hl=en\" target=\"_blank\" rel=\"noreferrer noopener\">@cjb.kollektiv<\/a><\/p>\n<\/div>\n<\/div><\/div>\n\n\n\n<p><\/p>","protected":false},"excerpt":{"rendered":"<p>Our Sponsors and Collaborators With gratitude to our sponsors, to the grassroots initiatives and countless volunteers whose funds and collaboration make aloti farm\u2019s work possible. Check out and support their work! @resilientvoices_berlin @cjb.kollektiv<\/p>","protected":false},"author":2,"featured_media":0,"parent":0,"menu_order":0,"comment_status":"closed","ping_status":"closed","template":"","meta":{"_uag_custom_page_level_css":"","_swt_meta_header_display":false,"_swt_meta_footer_display":false,"_swt_meta_site_title_display":false,"_swt_meta_sticky_header":false,"_swt_meta_transparent_header":false,"footnotes":""},"class_list":["post-96","page","type-page","status-publish","hentry"],"uagb_featured_image_src":{"full":false,"thumbnail":false,"medium":false,"medium_large":false,"large":false,"1536x1536":false,"2048x2048":false,"trp-custom-language-flag":false,"mailpoet_newsletter_max":false},"uagb_author_info":{"display_name":"Vi R","author_link":"https:\/\/alotifarm.com\/de\/author\/vcntrnd\/"},"uagb_comment_info":0,"uagb_excerpt":"Our Sponsors and Collaborators With gratitude to our sponsors, to the grassroots initiatives and countless volunteers whose funds and collaboration make aloti farm\u2019s work possible. Check out and support their work! @resilientvoices_berlin @cjb.kollektiv","_links":{"self":[{"href":"https:\/\/alotifarm.com\/de\/wp-json\/wp\/v2\/pages\/96","targetHints":{"allow":["GET"]}}],"collection":[{"href":"https:\/\/alotifarm.com\/de\/wp-json\/wp\/v2\/pages"}],"about":[{"href":"https:\/\/alotifarm.com\/de\/wp-json\/wp\/v2\/types\/page"}],"author":[{"embeddable":true,"href":"https:\/\/alotifarm.com\/de\/wp-json\/wp\/v2\/users\/2"}],"replies":[{"embeddable":true,"href":"https:\/\/alotifarm.com\/de\/wp-json\/wp\/v2\/comments?post=96"}],"version-history":[{"count":40,"href":"https:\/\/alotifarm.com\/de\/wp-json\/wp\/v2\/pages\/96\/revisions"}],"predecessor-version":[{"id":701,"href":"https:\/\/alotifarm.com\/de\/wp-json\/wp\/v2\/pages\/96\/revisions\/701"}],"wp:attachment":[{"href":"https:\/\/alotifarm.com\/de\/wp-json\/wp\/v2\/media?parent=96"}],"curies":[{"name":"wp","href":"https:\/\/api.w.org\/{rel}","templated":true}]}}